{"id":311,"date":"2018-04-02T18:43:52","date_gmt":"2018-04-02T18:43:52","guid":{"rendered":"http:\/\/www.bayragcorporation.com\/bay-rag-corporation\/"},"modified":"2018-04-16T16:00:11","modified_gmt":"2018-04-16T20:00:11","slug":"bay-rag-corporation","status":"publish","type":"page","link":"https:\/\/www.bayragcorporation.com\/es\/","title":{"rendered":"Bay Rag Corporation"},"content":{"rendered":"<h2>Experiencia Al por Mayor con Atenci\u00f3n <span class=\"Nobr\">al Detalle<\/span><\/h2>\n<p>Bienvenidos a Bay Rag Corporation, una de las compa\u00f1\u00edas l\u00edderes mundiales en la liquidaci\u00f3n y distribuci\u00f3n de calzado y ropa al por mayor, dedicada a satisfacer las necesidades tanto de grandes corporaciones como de vendedores al detal alrededor del mundo. Nosotros clasificamos y empacamos mercanc\u00eda basada en su calidad, g\u00e9nero, estilo y tama\u00f1os para dar a nuestros clientes la mejor oportunidad de \u00e9xito en sus mercados respectivos. Nuestros zapatos y prendas de vestir son comprados y vendidos en muchas formas diferentes, tales como env\u00edos a la medida, ya sea por piezas, por libras <span class=\"Nobr\">o por pares.<\/span><\/p>\n<h3>Your One <span class=\"Nobr\">Stop Shop<\/span><\/h3>\n<ul>\n<li><img loading=\"lazy\" decoding=\"async\" width=\"114\" height=\"153\" class=\"alignnone size-full wp-image-236\" src=\"\/wp-content\/uploads\/2018\/04\/home-icons_0000s_0000_Layer-1.png\" alt=\"\" \/>Calzado<\/li>\n<li><img loading=\"lazy\" decoding=\"async\" width=\"136\" height=\"153\" class=\"alignnone size-full wp-image-237\" src=\"\/wp-content\/uploads\/2018\/04\/home-icons_0000s_0001_Layer-2.png\" alt=\"\" \/>Ropa<\/li>\n<li><img loading=\"lazy\" decoding=\"async\" width=\"203\" height=\"153\" class=\"alignnone size-full wp-image-238\" src=\"\/wp-content\/uploads\/2018\/04\/home-icons_0000s_0002_Layer-3.png\" alt=\"\" \/>Bicicletas<\/li>\n<li><img loading=\"lazy\" decoding=\"async\" width=\"124\" height=\"153\" class=\"alignnone size-full wp-image-239\" src=\"\/wp-content\/uploads\/2018\/04\/home-icons_0000s_0006_Layer-7.png\" alt=\"\" \/>Ropa de Cama<\/li>\n<li><img loading=\"lazy\" decoding=\"async\" width=\"101\" height=\"153\" class=\"alignnone size-full wp-image-233\" src=\"\/wp-content\/uploads\/2018\/04\/home-icons_0000s_0003_Layer-4.png\" alt=\"\" \/>Joyas<\/li>\n<li><img loading=\"lazy\" decoding=\"async\" width=\"118\" height=\"153\" class=\"alignnone size-full wp-image-234\" src=\"\/wp-content\/uploads\/2018\/04\/home-icons_0000s_0004_Layer-5.png\" alt=\"\" \/>Juguetes<\/li>\n<li><img loading=\"lazy\" decoding=\"async\" width=\"122\" height=\"153\" class=\"alignnone size-full wp-image-235\" src=\"\/wp-content\/uploads\/2018\/04\/home-icons_0000s_0005_Layer-6.png\" alt=\"\" \/>Accesorios<\/li>\n<\/ul>\n<p>Desde calzado, prendas de vestir, ropa de cama, juguetes y bicicletas, joyas y accesorios nuevos y de marca hasta ropa y zapatos usados, Bay Rag Corporation es el lugar donde encontrar\u00e1 todo para satisfacer sus necesidades de compra de inventario sobrante y de liquidaci\u00f3n al por mayor. Independientemente que usted sea un mayorista o un minorista, nuestra incansable determinaci\u00f3n para proveerle con variedad y valor har\u00e1 que sus consumidores sigan regresando y que usted est\u00e9 en la delantera de <span class=\"Nobr\">sus competidores.<\/span><br \/>\n<strong><img loading=\"lazy\" decoding=\"async\" width=\"590\" height=\"361\" class=\"alignnone size-full wp-image-230\" src=\"\/wp-content\/uploads\/2018\/04\/home-learn-more.png\" alt=\"\" srcset=\"https:\/\/www.bayragcorporation.com\/wp-content\/uploads\/2018\/04\/home-learn-more.png 590w, https:\/\/www.bayragcorporation.com\/wp-content\/uploads\/2018\/04\/home-learn-more-589x360.png 589w, https:\/\/www.bayragcorporation.com\/wp-content\/uploads\/2018\/04\/home-learn-more-472x289.png 472w\" sizes=\"(max-width: 590px) 100vw, 590px\" \/>Calzado<\/strong><br \/>\nMarcas de primera. Ofertas populares.<\/p>\n<p><a class=\"bt\" href=\"\/es\/calzado\/\">Ent\u00e9rese M\u00e1s<\/a><br \/>\n<strong><img loading=\"lazy\" decoding=\"async\" width=\"590\" height=\"243\" class=\"alignnone size-full wp-image-231\" src=\"\/wp-content\/uploads\/2018\/04\/home-learn-more2.png\" alt=\"\" srcset=\"https:\/\/www.bayragcorporation.com\/wp-content\/uploads\/2018\/04\/home-learn-more2.png 590w, https:\/\/www.bayragcorporation.com\/wp-content\/uploads\/2018\/04\/home-learn-more2-589x243.png 589w, https:\/\/www.bayragcorporation.com\/wp-content\/uploads\/2018\/04\/home-learn-more2-472x194.png 472w\" sizes=\"(max-width: 590px) 100vw, 590px\" \/>Ropa<\/strong><br \/>\nEstilos de lujo. Precios baratos.<\/p>\n<p><a class=\"bt\" href=\"\/es\/ropa\/\">Ent\u00e9rese M\u00e1s<\/a><br \/>\n<strong><img loading=\"lazy\" decoding=\"async\" width=\"346\" height=\"273\" class=\"alignnone size-full wp-image-232\" src=\"\/wp-content\/uploads\/2018\/04\/home-learn-more3.png\" alt=\"\" \/>Bay Rag Corporation<br \/>\n<\/strong>Compromiso. Calidad. Experiencia.<\/p>\n<p><a class=\"bt\" href=\"\/es\/compania\/\">Ent\u00e9rese M\u00e1s<\/a><\/p>\n<h3>\u00bfEst\u00e1 Interesado en Vendernos <span class=\"Nobr\">su Mercanc\u00eda?<\/span><\/h3>\n<p>Si est\u00e1 interesado en vender excedentes de ropa y zapatos nuevos o poco usados, Bay Rag Corporation es la compa\u00f1\u00eda perfecta para usted. Siempre estamos buscando productos a la moda y de la mejor calidad para nuestros clientes y estamos dispuestos a pagar el valor justo del mercado por <span class=\"Nobr\">su mercanc\u00eda.<\/span><\/p>\n<p><a class=\"bt\" href=\"\/es\/contacto\/\">Ent\u00e9rese M\u00e1s<\/a><\/p>\n","protected":false},"excerpt":{"rendered":"Experiencia Al por Mayor con Atenci\u00f3n al Detalle Bienvenidos a Bay Rag Corporation, una de las compa\u00f1\u00edas l\u00edderes mundiales en la liquidaci\u00f3n y distribuci\u00f3n de calzado y ropa al por mayor, dedicada a satisfacer las necesidades tanto de grandes corporaciones como de vendedores al detal alrededor del mundo. Nosotros clasificamos y empacamos mercanc\u00eda basada en&#8230;","protected":false},"author":1,"featured_media":0,"parent":0,"menu_order":14,"comment_status":"closed","ping_status":"closed","template":"","meta":{"inline_featured_image":false,"footnotes":""},"_links":{"self":[{"href":"https:\/\/www.bayragcorporation.com\/es\/wp-json\/wp\/v2\/pages\/311"}],"collection":[{"href":"https:\/\/www.bayragcorporation.com\/es\/wp-json\/wp\/v2\/pages"}],"about":[{"href":"https:\/\/www.bayragcorporation.com\/es\/wp-json\/wp\/v2\/types\/page"}],"author":[{"embeddable":true,"href":"https:\/\/www.bayragcorporation.com\/es\/wp-json\/wp\/v2\/users\/1"}],"replies":[{"embeddable":true,"href":"https:\/\/www.bayragcorporation.com\/es\/wp-json\/wp\/v2\/comments?post=311"}],"version-history":[{"count":0,"href":"https:\/\/www.bayragcorporation.com\/es\/wp-json\/wp\/v2\/pages\/311\/revisions"}],"wp:attachment":[{"href":"https:\/\/www.bayragcorporation.com\/es\/wp-json\/wp\/v2\/media?parent=311"}],"curies":[{"name":"wp","href":"https:\/\/api.w.org\/{rel}","templated":true}]}}