{"id":312,"date":"2018-04-03T10:56:58","date_gmt":"2018-04-03T14:56:58","guid":{"rendered":"http:\/\/www.bayragcorporation.com\/footwear\/"},"modified":"2018-04-11T09:26:12","modified_gmt":"2018-04-11T13:26:12","slug":"calzado","status":"publish","type":"page","link":"https:\/\/www.bayragcorporation.com\/es\/calzado\/","title":{"rendered":"Calzado"},"content":{"rendered":"<h2>\u00a1Cuando se Trata de Distribuidores Mayoristas de Calzado, nos Ajustamos a <span class=\"Nobr\">la Perfecci\u00f3n!<\/span><\/h2>\n<p>En Bay Rag Corporation ofrecemos zapatos de hombres, mujeres y ni\u00f1os de la m\u00e1s alta calidad para la venta al por mayor. Nuestras numerosas colecciones son actualizadas continuamente con los \u00faltimos estilos y dise\u00f1os que encantar\u00e1n a sus clientes. Nuestra incomparable variedad de productos est\u00e1 siempre disponible a los mejores precios al por mayor de la industria para que as\u00ed pueda maximizar <span class=\"Nobr\">sus ganancias.<\/span><\/p>\n<h3>Un Paso M\u00e1s Para Obtener <span class=\"Nobr\">Grandes Ahorros<\/span><\/h3>\n<p>Siendo uno de los liquidadores y mayoristas principales de calzado y prendas de vestir en el mundo nos da un inigualable poder de compra. Esto nos permite negociar los mejores precios con nuestros proveedores y, en consecuencia, transferir esos ahorros significativos <span class=\"Nobr\">a usted.<\/span><br \/>\nVenga y vis\u00edtenos en nuestros propios edificios de m\u00e1s de 100,000 pies cuadrados cada uno en Miami, Florida; cerca al Aeropuerto Internacional de Miami y al Puerto de Miami. Aqu\u00ed, le daremos la atenci\u00f3n personalizada que usted se merece mientras le asistimos con todas sus necesidades de liquidaci\u00f3n al por mayor y devoluciones de excedentes de mercanc\u00eda de calzado y prendas <span class=\"Nobr\">de vestir.<\/span><\/p>\n<h3>Algo Para Todos<\/h3>\n<h4><img loading=\"lazy\" decoding=\"async\" width=\"208\" height=\"162\" src=\"\/wp-content\/uploads\/2018\/04\/footwear-icons_0000s_0003_Vector-Smart-Object.png\" alt=\"\" class=\"alignnone size-full wp-image-261\" \/>Zapatos para Mujeres<\/h4>\n<p>Botas, tacones, sandalias, deportivos\u2026 no importa cu\u00e1les sean, <span class=\"Nobr\">los tenemos.<\/span><\/p>\n<h4><img loading=\"lazy\" decoding=\"async\" width=\"208\" height=\"162\" src=\"\/wp-content\/uploads\/2018\/04\/footwear-icons_0000s_0002_Vector-Smart-Object.png\" alt=\"\" class=\"alignnone size-full wp-image-260\" \/>Zapatos para Hombres<\/h4>\n<p>Formales, casuales, deportivos. La \u00faltima moda en todos los tama\u00f1os y para todos <span class=\"Nobr\">los gustos.<\/span><\/p>\n<h4><img loading=\"lazy\" decoding=\"async\" width=\"208\" height=\"162\" src=\"\/wp-content\/uploads\/2018\/04\/footwear-icons_0000s_0001_Vector-Smart-Object.png\" alt=\"\" class=\"alignnone size-full wp-image-263\" \/>Zapatos para Ni\u00f1os<\/h4>\n<p>Estilos divertidos, durables y de calidad. Encuentre la \u00faltima moda para todas las edades desde beb\u00e9s y ni\u00f1os peque\u00f1os hasta ni\u00f1os y <span class=\"Nobr\">ni\u00f1as grandes.<\/span><\/p>\n<h4><img loading=\"lazy\" decoding=\"async\" width=\"208\" height=\"162\" src=\"\/wp-content\/uploads\/2018\/04\/footwear-icons_0000s_0000_Vector-Smart-Object.png\" alt=\"\" class=\"alignnone size-full wp-image-262\" \/>Zapatos de Temporada<\/h4>\n<p>Sea que llueva, nieve o brille el sol\u2026 tenemos las botas, sandalias o cualquier tipo de calzado que <span class=\"Nobr\">est\u00e9 buscando.<\/span><br \/>\n<a class=\"bt red\" href=\"#quote_block\">Obtenga una Cotizaci\u00f3n<\/a><\/p>\n<h2>Por Piezas, por Libras, o <span class=\"Nobr\">por Camiones<\/span><\/h2>\n<p>Vendemos calzado por pares o por libras. Empacamos seg\u00fan sus necesidades: desde cajas, embalajes, cartones hasta pal\u00e9s, contenedores de carga para camiones o barcos. No importa la forma de compra, Bay Rag Corporation tiene la flexibilidad para satisfacer sus necesidades de compra al por mayor.<\/p>\n","protected":false},"excerpt":{"rendered":"\u00a1Cuando se Trata de Distribuidores Mayoristas de Calzado, nos Ajustamos a la Perfecci\u00f3n! En Bay Rag Corporation ofrecemos zapatos de hombres, mujeres y ni\u00f1os de la m\u00e1s alta calidad para la venta al por mayor. Nuestras numerosas colecciones son actualizadas continuamente con los \u00faltimos estilos y dise\u00f1os que encantar\u00e1n a sus clientes. Nuestra incomparable variedad&#8230;","protected":false},"author":1,"featured_media":0,"parent":0,"menu_order":6,"comment_status":"closed","ping_status":"closed","template":"","meta":{"inline_featured_image":false,"footnotes":""},"_links":{"self":[{"href":"https:\/\/www.bayragcorporation.com\/es\/wp-json\/wp\/v2\/pages\/312"}],"collection":[{"href":"https:\/\/www.bayragcorporation.com\/es\/wp-json\/wp\/v2\/pages"}],"about":[{"href":"https:\/\/www.bayragcorporation.com\/es\/wp-json\/wp\/v2\/types\/page"}],"author":[{"embeddable":true,"href":"https:\/\/www.bayragcorporation.com\/es\/wp-json\/wp\/v2\/users\/1"}],"replies":[{"embeddable":true,"href":"https:\/\/www.bayragcorporation.com\/es\/wp-json\/wp\/v2\/comments?post=312"}],"version-history":[{"count":0,"href":"https:\/\/www.bayragcorporation.com\/es\/wp-json\/wp\/v2\/pages\/312\/revisions"}],"wp:attachment":[{"href":"https:\/\/www.bayragcorporation.com\/es\/wp-json\/wp\/v2\/media?parent=312"}],"curies":[{"name":"wp","href":"https:\/\/api.w.org\/{rel}","templated":true}]}}