{"id":313,"date":"2018-04-02T17:58:54","date_gmt":"2018-04-02T21:58:54","guid":{"rendered":"http:\/\/www.bayragcorporation.com\/clothing\/"},"modified":"2018-04-11T09:26:36","modified_gmt":"2018-04-11T13:26:36","slug":"ropa","status":"publish","type":"page","link":"https:\/\/www.bayragcorporation.com\/es\/ropa\/","title":{"rendered":"Ropa"},"content":{"rendered":"<h2>\u00a1Como uno de los Mejores Distribuidores Mayoristas Norteamericanos de Prendas de Vestir, Siempre Damos <span class=\"Nobr\">la Talla!<\/span><\/h2>\n<p>Con m\u00e1s de 40 a\u00f1os de experiencia comprando y vendiendo lo \u00faltimo en la moda, Bay Rag Corporation se ha distinguido por proveer a mayoristas y detallistas internacionales, grandes y peque\u00f1os, los \u00faltimos estilos del mercado de E.E. U.U.. Nuestro equipo de compras busca constantemente lo \u00faltimo de las marcas m\u00e1s populares, tiendas por departamentos, y minoristas para as\u00ed estar al tanto de las \u00faltimas tendencias de la moda y tener el mejor y m\u00e1s actualizado inventario para usted y su mercado.<\/p>\n<h3>Ahorros que No Pasan <span class=\"Nobr\">de Moda<\/span><\/h3>\n<p>Siendo uno de los liquidadores y mayoristas principales de prendas de vestir para mujeres, hombres y ni\u00f1os en el mundo nos da un inigualable poder de compra. Esto nos permite negociar los mejores precios con nuestros proveedores y, en consecuencia, transferir esos ahorros significativos <span class=\"Nobr\">a usted.<\/span><br \/>\nVenga y vis\u00edtenos en nuestros propios edificios de m\u00e1s de 100,000 pies cuadrados cada uno en Miami, Florida; cerca al Aeropuerto Internacional de Miami y al Puerto de Miami. Aqu\u00ed, le daremos la atenci\u00f3n personalizada que usted se merece mientras le asistimos con todas sus necesidades de liquidaci\u00f3n al por mayor y devoluciones de excedentes de mercanc\u00eda de calzado y prendas <span class=\"Nobr\">de vestir.<\/span><\/p>\n<h3>Algo Para Todos<\/h3>\n<h4><img loading=\"lazy\" decoding=\"async\" width=\"159\" height=\"193\" src=\"\/wp-content\/uploads\/2018\/04\/clothing-icons_0000s_0002_Vector-Smart-Object.png\" alt=\"\" class=\"alignnone size-full wp-image-249\" \/>Ropa para Mujeres<\/h4>\n<p>Marcas de lujo a precios baratos. Encuentre la variedad de estilos que est\u00e1 buscando en un <span class=\"Nobr\">solo sitio.<\/span><\/p>\n<h4><img loading=\"lazy\" decoding=\"async\" width=\"159\" height=\"193\" src=\"\/wp-content\/uploads\/2018\/04\/clothing-icons_0000s_0003_Vector-Smart-Object.png\" alt=\"\" class=\"alignnone size-full wp-image-250\" \/>Ropa para Hombres<\/h4>\n<p>Ropa de trabajo o de descanso, aqu\u00ed tenemos todo lo que necesita para su tienda peque\u00f1a o su cadena de tiendas de ropa para hombres de <span class=\"Nobr\">tama\u00f1o extra.<\/span><\/p>\n<h4><img loading=\"lazy\" decoding=\"async\" width=\"159\" height=\"193\" src=\"\/wp-content\/uploads\/2018\/04\/clothing-icons_0000s_0001_Vector-Smart-Object.png\" alt=\"\" class=\"alignnone size-full wp-image-248\" \/>Ropa para Ni\u00f1os<\/h4>\n<p>Infinidad de dise\u00f1os, telas y estilos. Moda a lo grande para los peque\u00f1os a <span class=\"Nobr\">precios diminutos.<\/span><\/p>\n<h4><img loading=\"lazy\" decoding=\"async\" width=\"159\" height=\"193\" src=\"\/wp-content\/uploads\/2018\/04\/clothing-icons_0000s_0000_Vector-Smart-Object.png\" alt=\"\" class=\"alignnone size-full wp-image-247\" \/>Ropa de Temporada<\/h4>\n<p>Sea que llueva, nieve o brille el sol\u2026 tenemos los abrigos, pantalones cortos o cualquier tipo de ropa que <span class=\"Nobr\">est\u00e9 buscando.<\/span><br \/>\n<a href=\"#quote_block\" class=\"bt red\">Obtenga una Cotizaci\u00f3n<\/a><\/p>\n<h2>Por Piezas, por Libras, o <span class=\"Nobr\">por Camiones<\/span><\/h2>\n<p>Vendemos calzado por pares o por libras. Empacamos seg\u00fan sus necesidades: desde cajas, embalajes, cartones hasta pal\u00e9s, contenedores de carga para camiones o barcos. No importa la forma de compra, Bay Rag Corporation tiene la flexibilidad para satisfacer sus necesidades de compra al <span class=\"Nobr\">por mayor.<\/span><\/p>\n","protected":false},"excerpt":{"rendered":"\u00a1Como uno de los Mejores Distribuidores Mayoristas Norteamericanos de Prendas de Vestir, Siempre Damos la Talla! Con m\u00e1s de 40 a\u00f1os de experiencia comprando y vendiendo lo \u00faltimo en la moda, Bay Rag Corporation se ha distinguido por proveer a mayoristas y detallistas internacionales, grandes y peque\u00f1os, los \u00faltimos estilos del mercado de E.E. U.U&#8230;..","protected":false},"author":1,"featured_media":0,"parent":0,"menu_order":7,"comment_status":"closed","ping_status":"closed","template":"","meta":{"inline_featured_image":false,"footnotes":""},"_links":{"self":[{"href":"https:\/\/www.bayragcorporation.com\/es\/wp-json\/wp\/v2\/pages\/313"}],"collection":[{"href":"https:\/\/www.bayragcorporation.com\/es\/wp-json\/wp\/v2\/pages"}],"about":[{"href":"https:\/\/www.bayragcorporation.com\/es\/wp-json\/wp\/v2\/types\/page"}],"author":[{"embeddable":true,"href":"https:\/\/www.bayragcorporation.com\/es\/wp-json\/wp\/v2\/users\/1"}],"replies":[{"embeddable":true,"href":"https:\/\/www.bayragcorporation.com\/es\/wp-json\/wp\/v2\/comments?post=313"}],"version-history":[{"count":0,"href":"https:\/\/www.bayragcorporation.com\/es\/wp-json\/wp\/v2\/pages\/313\/revisions"}],"wp:attachment":[{"href":"https:\/\/www.bayragcorporation.com\/es\/wp-json\/wp\/v2\/media?parent=313"}],"curies":[{"name":"wp","href":"https:\/\/api.w.org\/{rel}","templated":true}]}}