{"id":314,"date":"2018-04-03T13:23:39","date_gmt":"2018-04-03T17:23:39","guid":{"rendered":"http:\/\/www.bayragcorporation.com\/company\/"},"modified":"2018-04-10T17:38:38","modified_gmt":"2018-04-10T21:38:38","slug":"compania","status":"publish","type":"page","link":"https:\/\/www.bayragcorporation.com\/es\/compania\/","title":{"rendered":"Compa\u00f1\u00eda"},"content":{"rendered":"<h2>\u00a1Venta al Por Mayor Dise\u00f1ada Para que Logre su <span class=\"Nobr\">\u00c9xito Individual!<\/span><\/h2>\n<p>Fundada en 1969 y basada en Miami, Florida, Bay Rag Corporation es una compa\u00f1\u00eda familiar especializada en la liquidaci\u00f3n de ropa y calzado recuperados. Nuestros productos de alta calidad son cuidadosamente seleccionados en excedentes, excedentes de devoluci\u00f3n, devoluciones de consumidores y cierres de tiendas por departamentos, tiendas de descuentos, compa\u00f1\u00edas de venta por internet, y fabricantes en todo <span class=\"Nobr\">el mundo.<\/span><\/p>\n<h3>Todo Bajo Un <span class=\"Nobr\">Solo Techo<\/span><\/h3>\n<p>Nuestros dos galpones propios de m\u00e1s de 100,000 pies cuadrados cada uno, ubicados cerca del Aeropuerto Internacional de Miami y del Puerto de Miami almacenan c\u00f3modamente un portafolio completo de mercanc\u00eda en general que incluye zapatos usados para venta al por mayor, calzado de inventario sobrante para liquidaci\u00f3n, ropa usada para venta al por mayor y devoluciones sobrantes de tiendas por departamentos, joyas y accesorios, juguetes, productos dom\u00e9sticos, ropa de cama, y electrodom\u00e9sticos peque\u00f1os <span class=\"Nobr\">y grandes.<\/span><br \/>\nVenga y vis\u00edtenos en nuestros propios edificios de m\u00e1s de 100,000 pies cuadrados cada uno en Miami, Florida; cerca al Aeropuerto Internacional de Miami y al Puerto de Miami. Aqu\u00ed, le daremos la atenci\u00f3n personalizada que usted se merece mientras le asistimos con todas sus necesidades de liquidaci\u00f3n al por mayor y devoluciones de excedentes de mercanc\u00eda de calzado y prendas <span class=\"Nobr\">de vestir.<\/span><\/p>\n","protected":false},"excerpt":{"rendered":"\u00a1Venta al Por Mayor Dise\u00f1ada Para que Logre su \u00c9xito Individual! Fundada en 1969 y basada en Miami, Florida, Bay Rag Corporation es una compa\u00f1\u00eda familiar especializada en la liquidaci\u00f3n de ropa y calzado recuperados. Nuestros productos de alta calidad son cuidadosamente seleccionados en excedentes, excedentes de devoluci\u00f3n, devoluciones de consumidores y cierres de tiendas&#8230;","protected":false},"author":1,"featured_media":0,"parent":0,"menu_order":4,"comment_status":"closed","ping_status":"closed","template":"","meta":{"inline_featured_image":false,"footnotes":""},"_links":{"self":[{"href":"https:\/\/www.bayragcorporation.com\/es\/wp-json\/wp\/v2\/pages\/314"}],"collection":[{"href":"https:\/\/www.bayragcorporation.com\/es\/wp-json\/wp\/v2\/pages"}],"about":[{"href":"https:\/\/www.bayragcorporation.com\/es\/wp-json\/wp\/v2\/types\/page"}],"author":[{"embeddable":true,"href":"https:\/\/www.bayragcorporation.com\/es\/wp-json\/wp\/v2\/users\/1"}],"replies":[{"embeddable":true,"href":"https:\/\/www.bayragcorporation.com\/es\/wp-json\/wp\/v2\/comments?post=314"}],"version-history":[{"count":0,"href":"https:\/\/www.bayragcorporation.com\/es\/wp-json\/wp\/v2\/pages\/314\/revisions"}],"wp:attachment":[{"href":"https:\/\/www.bayragcorporation.com\/es\/wp-json\/wp\/v2\/media?parent=314"}],"curies":[{"name":"wp","href":"https:\/\/api.w.org\/{rel}","templated":true}]}}