{"id":315,"date":"2018-04-03T11:39:41","date_gmt":"2018-04-03T15:39:41","guid":{"rendered":"http:\/\/www.bayragcorporation.com\/service-area\/"},"modified":"2018-04-10T17:37:21","modified_gmt":"2018-04-10T21:37:21","slug":"destinos","status":"publish","type":"page","link":"https:\/\/www.bayragcorporation.com\/es\/destinos\/","title":{"rendered":"Destinos"},"content":{"rendered":"<h2>\u00a1Enviamos Mercanc\u00eda de Liquidaci\u00f3n al Por Mayor Donde y Cuando M\u00e1s <span class=\"Nobr\">lo Necesite<\/span>!<\/h2>\n<p>Con un servicio de atenci\u00f3n al cliente sin igual, Bay Rag Corporation env\u00eda cajas, pal\u00e9s, contenedores de carga para camiones o barcos de 20\u2019, 40\u2019 y 45\u2019 a Latinoam\u00e9rica, \u00c1frica, Europa y el <span class=\"Nobr\">Medio Oriente.<\/span><\/p>\n<h3>Satisfaciendo sus Necesidades<\/h3>\n<p>Dependiendo de los requerimientos de env\u00edo de su mercader\u00eda, podemos ofrecer precios FOB y de productos entregados en cualquier parte del mundo. Podemos tambi\u00e9n ofrecer servicios de transporte de carga con nuestros agentes log\u00edsticos y transitarios alrededor <span class=\"Nobr\">del mundo.<\/span><br \/>\n<span lang=\"ES-TRAD\">Venga y vis<\/span>\u00ed<span lang=\"ES-TRAD\">tenos en nuestros propios edificios de m<\/span>\u00e1<span lang=\"ES-TRAD\">s de 100,000 pies cuadrados cada uno en Miami, Florida; cerca al Aeropuerto Internacional de Miami y al Puerto de Miami. Aqu<\/span>\u00ed<span lang=\"ES-TRAD\">, le daremos la atenci\u00f3n personalizada que usted se merece mientras le asistimos con todas sus necesidades de liquidaci\u00f3n al por mayor y devoluciones de excedentes de mercanc<\/span>\u00ed<span lang=\"ES-TRAD\">a de calzado y prendas<span class=\"Nobr\"> de vestir.<\/span><\/span><\/p>\n<h3>\u00c1rea de Servicio Global<\/h3>\n","protected":false},"excerpt":{"rendered":"\u00a1Enviamos Mercanc\u00eda de Liquidaci\u00f3n al Por Mayor Donde y Cuando M\u00e1s lo Necesite! Con un servicio de atenci\u00f3n al cliente sin igual, Bay Rag Corporation env\u00eda cajas, pal\u00e9s, contenedores de carga para camiones o barcos de 20\u2019, 40\u2019 y 45\u2019 a Latinoam\u00e9rica, \u00c1frica, Europa y el Medio Oriente. Satisfaciendo sus Necesidades Dependiendo de los requerimientos&#8230;","protected":false},"author":1,"featured_media":0,"parent":0,"menu_order":1,"comment_status":"closed","ping_status":"closed","template":"","meta":{"inline_featured_image":false,"footnotes":""},"_links":{"self":[{"href":"https:\/\/www.bayragcorporation.com\/es\/wp-json\/wp\/v2\/pages\/315"}],"collection":[{"href":"https:\/\/www.bayragcorporation.com\/es\/wp-json\/wp\/v2\/pages"}],"about":[{"href":"https:\/\/www.bayragcorporation.com\/es\/wp-json\/wp\/v2\/types\/page"}],"author":[{"embeddable":true,"href":"https:\/\/www.bayragcorporation.com\/es\/wp-json\/wp\/v2\/users\/1"}],"replies":[{"embeddable":true,"href":"https:\/\/www.bayragcorporation.com\/es\/wp-json\/wp\/v2\/comments?post=315"}],"version-history":[{"count":0,"href":"https:\/\/www.bayragcorporation.com\/es\/wp-json\/wp\/v2\/pages\/315\/revisions"}],"wp:attachment":[{"href":"https:\/\/www.bayragcorporation.com\/es\/wp-json\/wp\/v2\/media?parent=315"}],"curies":[{"name":"wp","href":"https:\/\/api.w.org\/{rel}","templated":true}]}}