{"id":317,"date":"2018-04-02T15:36:15","date_gmt":"2018-04-02T19:36:15","guid":{"rendered":"http:\/\/www.bayragcorporation.com\/contact\/"},"modified":"2018-04-10T12:11:12","modified_gmt":"2018-04-10T16:11:12","slug":"contacto","status":"publish","type":"page","link":"https:\/\/www.bayragcorporation.com\/es\/contacto\/","title":{"rendered":"Contacto"},"content":{"rendered":"<h2>\u00bfLe Interesa Comprar Nuestra Mercanc\u00eda? <span class=\"Nobr\">\u00bfO Vender la Suya?<\/span> <span class=\"Nobr\">\u00bfQuiere Contactarnos?<\/span><\/h2>\n<p>Gracias por su inter\u00e9s en Bay Rag Corporation. Por favor env\u00edenos su informaci\u00f3n de contacto llenando los campos siguientes y un miembro de nuestro equipo profesional se encargar\u00e1 <span class=\"Nobr\">de contactarle.<\/span><br \/>\n<span class=\"Nobr\">6250 NW 35th Avenue,<\/span> <span class=\"Nobr\">Miami, Florida 33147,<\/span> <span class=\"Nobr\">United States of America<\/span><br \/>\n<span class=\"Nobr\"><strong>T:<\/strong> (305) 693-6868<\/span> <span class=\"Nobr\"><strong>F:<\/strong> (305) 693-8864<\/span> <span class=\"Nobr\"><strong>E<\/strong>: <a href=\"mailto:sales@bayragcorporation.com\">sales@bayragcorporation.com<\/a><\/span><\/p>\n","protected":false},"excerpt":{"rendered":"\u00bfLe Interesa Comprar Nuestra Mercanc\u00eda? \u00bfO Vender la Suya? \u00bfQuiere Contactarnos? Gracias por su inter\u00e9s en Bay Rag Corporation. Por favor env\u00edenos su informaci\u00f3n de contacto llenando los campos siguientes y un miembro de nuestro equipo profesional se encargar\u00e1 de contactarle. 6250 NW 35th Avenue, Miami, Florida 33147, United States of America T: (305) 693-6868&#8230;","protected":false},"author":1,"featured_media":0,"parent":0,"menu_order":12,"comment_status":"closed","ping_status":"closed","template":"","meta":{"inline_featured_image":false,"footnotes":""},"_links":{"self":[{"href":"https:\/\/www.bayragcorporation.com\/es\/wp-json\/wp\/v2\/pages\/317"}],"collection":[{"href":"https:\/\/www.bayragcorporation.com\/es\/wp-json\/wp\/v2\/pages"}],"about":[{"href":"https:\/\/www.bayragcorporation.com\/es\/wp-json\/wp\/v2\/types\/page"}],"author":[{"embeddable":true,"href":"https:\/\/www.bayragcorporation.com\/es\/wp-json\/wp\/v2\/users\/1"}],"replies":[{"embeddable":true,"href":"https:\/\/www.bayragcorporation.com\/es\/wp-json\/wp\/v2\/comments?post=317"}],"version-history":[{"count":0,"href":"https:\/\/www.bayragcorporation.com\/es\/wp-json\/wp\/v2\/pages\/317\/revisions"}],"wp:attachment":[{"href":"https:\/\/www.bayragcorporation.com\/es\/wp-json\/wp\/v2\/media?parent=317"}],"curies":[{"name":"wp","href":"https:\/\/api.w.org\/{rel}","templated":true}]}}